{"id":7,"date":"2023-10-19T17:19:40","date_gmt":"2023-10-19T20:19:40","guid":{"rendered":"https:\/\/www.garciquimica.com.br\/lp\/?page_id=7"},"modified":"2024-05-22T10:10:58","modified_gmt":"2024-05-22T13:10:58","slug":"henkel","status":"publish","type":"page","link":"https:\/\/www.garciquimica.com.br\/lp\/henkel\/","title":{"rendered":"Henkel"},"content":{"rendered":"\t\t<div data-elementor-type=\"wp-post\" data-elementor-id=\"7\" class=\"elementor elementor-7\" data-elementor-post-type=\"page\">\n\t\t\t\t\t\t\t<div class=\"elementor-element elementor-element-2686843 e-con-full e-flex e-con e-parent\" data-id=\"2686843\" data-element_type=\"container\" data-settings=\"{&quot;content_width&quot;:&quot;full&quot;,&quot;background_background&quot;:&quot;classic&quot;}\" data-core-v316-plus=\"true\">\n\t\t<div class=\"elementor-element elementor-element-e67ddd3 e-con-full e-flex e-con e-child\" data-id=\"e67ddd3\" data-element_type=\"container\" data-settings=\"{&quot;content_width&quot;:&quot;full&quot;}\">\n\t\t\t\t<div class=\"elementor-element elementor-element-a73db48 elementor-widget elementor-widget-image\" data-id=\"a73db48\" data-element_type=\"widget\" data-widget_type=\"image.default\">\n\t\t\t\t<div class=\"elementor-widget-container\">\n\t\t\t<style>\/*! elementor - v3.17.0 - 25-10-2023 *\/\n.elementor-widget-image{text-align:center}.elementor-widget-image a{display:inline-block}.elementor-widget-image a img[src$=\".svg\"]{width:48px}.elementor-widget-image img{vertical-align:middle;display:inline-block}<\/style>\t\t\t\t\t\t\t\t\t\t\t\t<img loading=\"lazy\" decoding=\"async\" width=\"526\" height=\"136\" src=\"https:\/\/www.garciquimica.com.br\/lp\/wp-content\/uploads\/2023\/10\/logo-garciquimica.png\" class=\"attachment-large size-large wp-image-13\" alt=\"\" srcset=\"https:\/\/www.garciquimica.com.br\/lp\/wp-content\/uploads\/2023\/10\/logo-garciquimica.png 526w, https:\/\/www.garciquimica.com.br\/lp\/wp-content\/uploads\/2023\/10\/logo-garciquimica-300x78.png 300w\" sizes=\"auto, (max-width: 526px) 100vw, 526px\" \/>\t\t\t\t\t\t\t\t\t\t\t\t\t\t\t<\/div>\n\t\t\t\t<\/div>\n\t\t\t\t<\/div>\n\t\t<div class=\"elementor-element elementor-element-f0413c8 e-flex e-con-boxed e-con e-child\" data-id=\"f0413c8\" data-element_type=\"container\" data-settings=\"{&quot;content_width&quot;:&quot;boxed&quot;}\">\n\t\t\t\t\t<div class=\"e-con-inner\">\n\t\t\t\t<div class=\"elementor-element elementor-element-db0ce1e elementor-widget elementor-widget-heading\" data-id=\"db0ce1e\" data-element_type=\"widget\" data-widget_type=\"heading.default\">\n\t\t\t\t<div class=\"elementor-widget-container\">\n\t\t\t<style>\/*! elementor - v3.17.0 - 25-10-2023 *\/\n.elementor-heading-title{padding:0;margin:0;line-height:1}.elementor-widget-heading .elementor-heading-title[class*=elementor-size-]>a{color:inherit;font-size:inherit;line-height:inherit}.elementor-widget-heading .elementor-heading-title.elementor-size-small{font-size:15px}.elementor-widget-heading .elementor-heading-title.elementor-size-medium{font-size:19px}.elementor-widget-heading .elementor-heading-title.elementor-size-large{font-size:29px}.elementor-widget-heading .elementor-heading-title.elementor-size-xl{font-size:39px}.elementor-widget-heading .elementor-heading-title.elementor-size-xxl{font-size:59px}<\/style><h2 class=\"elementor-heading-title elementor-size-default\">A <span class=\"txt-gray\">Garciqu\u00edmica <\/span>garante<br\/>\ncom praticidade e agilidade<br\/>\nos melhores produtos <br\/>\n<span class=\"txt-red\">Henkel<\/span> em seu neg\u00f3cio!<\/h2>\t\t<\/div>\n\t\t\t\t<\/div>\n\t\t\t\t\t<\/div>\n\t\t\t\t<\/div>\n\t\t\t\t<\/div>\n\t\t<div class=\"elementor-element elementor-element-c0f37a5 e-flex e-con-boxed e-con e-parent\" data-id=\"c0f37a5\" data-element_type=\"container\" data-settings=\"{&quot;background_background&quot;:&quot;classic&quot;,&quot;content_width&quot;:&quot;boxed&quot;}\" data-core-v316-plus=\"true\">\n\t\t\t\t\t<div class=\"e-con-inner\">\n\t\t\t\t<div class=\"elementor-element elementor-element-5f8db92 elementor-widget__width-initial elementor-widget elementor-widget-text-editor\" data-id=\"5f8db92\" data-element_type=\"widget\" data-widget_type=\"text-editor.default\">\n\t\t\t\t<div class=\"elementor-widget-container\">\n\t\t\t<style>\/*! elementor - v3.17.0 - 25-10-2023 *\/\n.elementor-widget-text-editor.elementor-drop-cap-view-stacked .elementor-drop-cap{background-color:#69727d;color:#fff}.elementor-widget-text-editor.elementor-drop-cap-view-framed .elementor-drop-cap{color:#69727d;border:3px solid;background-color:transparent}.elementor-widget-text-editor:not(.elementor-drop-cap-view-default) .elementor-drop-cap{margin-top:8px}.elementor-widget-text-editor:not(.elementor-drop-cap-view-default) .elementor-drop-cap-letter{width:1em;height:1em}.elementor-widget-text-editor .elementor-drop-cap{float:left;text-align:center;line-height:1;font-size:50px}.elementor-widget-text-editor .elementor-drop-cap-letter{display:inline-block}<\/style>\t\t\t\t<p>A Henkel ocupa posi\u00e7\u00f5es de lideran\u00e7a e supre diferentes ind\u00fastrias com produtos e solu\u00e7\u00f5es qu\u00edmicas de sistemas avan\u00e7ados.<\/p>\t\t\t\t\t\t<\/div>\n\t\t\t\t<\/div>\n\t\t\t\t<div class=\"elementor-element elementor-element-ef4327b elementor-widget elementor-widget-heading\" data-id=\"ef4327b\" data-element_type=\"widget\" data-widget_type=\"heading.default\">\n\t\t\t\t<div class=\"elementor-widget-container\">\n\t\t\t<h3 class=\"elementor-heading-title elementor-size-default\">Transforme os seus projetos com<br \/>\nsolu\u00e7\u00f5es de <span class=\"txt-red\">alto n\u00edvel<\/span>!<\/h3>\t\t<\/div>\n\t\t\t\t<\/div>\n\t\t\t\t<div class=\"elementor-element elementor-element-79b7664 elementor-widget__width-initial elementor-widget elementor-widget-text-editor\" data-id=\"79b7664\" data-element_type=\"widget\" data-widget_type=\"text-editor.default\">\n\t\t\t\t<div class=\"elementor-widget-container\">\n\t\t\t\t\t\t\tAproveite o amplo portf\u00f3lio e tenha m\u00e1xima qualidade em seus procedimentos.\t\t\t\t\t\t<\/div>\n\t\t\t\t<\/div>\n\t\t\t\t<div class=\"elementor-element elementor-element-8f68196 bt-orcamento-h elementor-widget elementor-widget-button\" data-id=\"8f68196\" data-element_type=\"widget\" data-widget_type=\"button.default\">\n\t\t\t\t<div class=\"elementor-widget-container\">\n\t\t\t\t\t<div class=\"elementor-button-wrapper\">\n\t\t\t<a class=\"elementor-button elementor-button-link elementor-size-sm\" href=\"#elementor-action%3Aaction%3Dpopup%3Aopen%26settings%3DeyJpZCI6IjI1IiwidG9nZ2xlIjpmYWxzZX0%3D\">\n\t\t\t\t\t\t<span class=\"elementor-button-content-wrapper\">\n\t\t\t\t\t\t<span class=\"elementor-button-text\">Saiba mais<\/span>\n\t\t<\/span>\n\t\t\t\t\t<\/a>\n\t\t<\/div>\n\t\t\t\t<\/div>\n\t\t\t\t<\/div>\n\t\t\t\t\t<\/div>\n\t\t\t\t<\/div>\n\t\t<div class=\"elementor-element elementor-element-ea37295 e-flex e-con-boxed e-con e-parent\" data-id=\"ea37295\" data-element_type=\"container\" data-settings=\"{&quot;background_background&quot;:&quot;classic&quot;,&quot;content_width&quot;:&quot;boxed&quot;}\" data-core-v316-plus=\"true\">\n\t\t\t\t\t<div class=\"e-con-inner\">\n\t\t<div class=\"elementor-element elementor-element-fe4b607 e-flex e-con-boxed e-con e-child\" data-id=\"fe4b607\" data-element_type=\"container\" data-settings=\"{&quot;content_width&quot;:&quot;boxed&quot;}\">\n\t\t\t\t\t<div class=\"e-con-inner\">\n\t\t\t\t<div class=\"elementor-element elementor-element-f4fa3c0 elementor-widget__width-initial elementor-widget elementor-widget-text-editor\" data-id=\"f4fa3c0\" data-element_type=\"widget\" data-widget_type=\"text-editor.default\">\n\t\t\t\t<div class=\"elementor-widget-container\">\n\t\t\t\t\t\t\tSomos distribuidores autorizados Henkel, oferecendo o melhor custo-benef\u00edcio, assist\u00eancia t\u00e9cnica e prazo de entrega rigoroso.\t\t\t\t\t\t<\/div>\n\t\t\t\t<\/div>\n\t\t\t\t<div class=\"elementor-element elementor-element-9ebeec2 elementor-widget elementor-widget-heading\" data-id=\"9ebeec2\" data-element_type=\"widget\" data-widget_type=\"heading.default\">\n\t\t\t\t<div class=\"elementor-widget-container\">\n\t\t\t<h4 class=\"elementor-heading-title elementor-size-default\">No cat\u00e1logo, voc\u00ea encontra as principais solu\u00e7\u00f5es das linhas:<\/h4>\t\t<\/div>\n\t\t\t\t<\/div>\n\t\t\t\t\t<\/div>\n\t\t\t\t<\/div>\n\t\t<div class=\"elementor-element elementor-element-de38900 e-flex e-con-boxed e-con e-child\" data-id=\"de38900\" data-element_type=\"container\" data-settings=\"{&quot;content_width&quot;:&quot;boxed&quot;}\">\n\t\t\t\t\t<div class=\"e-con-inner\">\n\t\t\t\t<div class=\"elementor-element elementor-element-eb22cd6 elementor-widget elementor-widget-image\" data-id=\"eb22cd6\" data-element_type=\"widget\" data-widget_type=\"image.default\">\n\t\t\t\t<div class=\"elementor-widget-container\">\n\t\t\t\t\t\t\t\t\t\t\t\t\t\t\t\t<a href=\"https:\/\/garciquimica.com.br\/henkel\/relacao-de-produtos-bonderite\/\">\n\t\t\t\t\t\t\t<img loading=\"lazy\" decoding=\"async\" width=\"305\" height=\"40\" src=\"https:\/\/www.garciquimica.com.br\/lp\/wp-content\/uploads\/2023\/10\/logo-bonderite.png\" class=\"elementor-animation-grow attachment-large size-large wp-image-18\" alt=\"Bonderite\" srcset=\"https:\/\/www.garciquimica.com.br\/lp\/wp-content\/uploads\/2023\/10\/logo-bonderite.png 305w, https:\/\/www.garciquimica.com.br\/lp\/wp-content\/uploads\/2023\/10\/logo-bonderite-300x39.png 300w\" sizes=\"auto, (max-width: 305px) 100vw, 305px\" \/>\t\t\t\t\t\t\t\t<\/a>\n\t\t\t\t\t\t\t\t\t\t\t\t\t\t\t<\/div>\n\t\t\t\t<\/div>\n\t\t\t\t<div class=\"elementor-element elementor-element-4fbc422 elementor-widget elementor-widget-image\" data-id=\"4fbc422\" data-element_type=\"widget\" data-widget_type=\"image.default\">\n\t\t\t\t<div class=\"elementor-widget-container\">\n\t\t\t\t\t\t\t\t\t\t\t\t\t\t\t\t<a href=\"https:\/\/garciquimica.com.br\/henkel\/relacao-de-produtos-loctite\/\">\n\t\t\t\t\t\t\t<img loading=\"lazy\" decoding=\"async\" width=\"237\" height=\"44\" src=\"https:\/\/www.garciquimica.com.br\/lp\/wp-content\/uploads\/2023\/10\/logo-loctite.png\" class=\"elementor-animation-grow attachment-large size-large wp-image-19\" alt=\"Loctite\" \/>\t\t\t\t\t\t\t\t<\/a>\n\t\t\t\t\t\t\t\t\t\t\t\t\t\t\t<\/div>\n\t\t\t\t<\/div>\n\t\t\t\t<div class=\"elementor-element elementor-element-8164382 elementor-widget elementor-widget-image\" data-id=\"8164382\" data-element_type=\"widget\" data-widget_type=\"image.default\">\n\t\t\t\t<div class=\"elementor-widget-container\">\n\t\t\t\t\t\t\t\t\t\t\t\t\t\t\t\t<a href=\"https:\/\/garciquimica.com.br\/henkel\/relacao-de-produtos-technomelt\/\">\n\t\t\t\t\t\t\t<img loading=\"lazy\" decoding=\"async\" width=\"365\" height=\"39\" src=\"https:\/\/www.garciquimica.com.br\/lp\/wp-content\/uploads\/2023\/10\/logo-technomelt.png\" class=\"elementor-animation-grow attachment-large size-large wp-image-20\" alt=\"Technomelt\" srcset=\"https:\/\/www.garciquimica.com.br\/lp\/wp-content\/uploads\/2023\/10\/logo-technomelt.png 365w, https:\/\/www.garciquimica.com.br\/lp\/wp-content\/uploads\/2023\/10\/logo-technomelt-300x32.png 300w\" sizes=\"auto, (max-width: 365px) 100vw, 365px\" \/>\t\t\t\t\t\t\t\t<\/a>\n\t\t\t\t\t\t\t\t\t\t\t\t\t\t\t<\/div>\n\t\t\t\t<\/div>\n\t\t\t\t<div class=\"elementor-element elementor-element-0bf7f0c elementor-widget elementor-widget-image\" data-id=\"0bf7f0c\" data-element_type=\"widget\" data-widget_type=\"image.default\">\n\t\t\t\t<div class=\"elementor-widget-container\">\n\t\t\t\t\t\t\t\t\t\t\t\t\t\t\t\t<a href=\"https:\/\/garciquimica.com.br\/henkel\/relacao-de-produtos-teroson\/\">\n\t\t\t\t\t\t\t<img loading=\"lazy\" decoding=\"async\" width=\"246\" height=\"38\" src=\"https:\/\/www.garciquimica.com.br\/lp\/wp-content\/uploads\/2023\/10\/logo-TEROSON.png\" class=\"elementor-animation-grow attachment-large size-large wp-image-21\" alt=\"Teroson\" \/>\t\t\t\t\t\t\t\t<\/a>\n\t\t\t\t\t\t\t\t\t\t\t\t\t\t\t<\/div>\n\t\t\t\t<\/div>\n\t\t\t\t<div class=\"elementor-element elementor-element-9935cf0 elementor-widget elementor-widget-image\" data-id=\"9935cf0\" data-element_type=\"widget\" data-widget_type=\"image.default\">\n\t\t\t\t<div class=\"elementor-widget-container\">\n\t\t\t\t\t\t\t\t\t\t\t\t\t\t\t\t<a href=\"https:\/\/garciquimica.com.br\/henkel\/relacao-de-produtos-aquence\/\">\n\t\t\t\t\t\t\t<img loading=\"lazy\" decoding=\"async\" width=\"257\" height=\"44\" src=\"https:\/\/www.garciquimica.com.br\/lp\/wp-content\/uploads\/2023\/10\/Logo-Aquence.png\" class=\"elementor-animation-grow attachment-large size-large wp-image-22\" alt=\"Aquence\" \/>\t\t\t\t\t\t\t\t<\/a>\n\t\t\t\t\t\t\t\t\t\t\t\t\t\t\t<\/div>\n\t\t\t\t<\/div>\n\t\t\t\t\t<\/div>\n\t\t\t\t<\/div>\n\t\t\t\t\t<\/div>\n\t\t\t\t<\/div>\n\t\t<div class=\"elementor-element elementor-element-2ec2e1b e-flex e-con-boxed e-con e-parent\" data-id=\"2ec2e1b\" data-element_type=\"container\" data-settings=\"{&quot;background_background&quot;:&quot;classic&quot;,&quot;content_width&quot;:&quot;boxed&quot;}\" data-core-v316-plus=\"true\">\n\t\t\t\t\t<div class=\"e-con-inner\">\n\t\t\t\t<div class=\"elementor-element elementor-element-7f607e6 elementor-widget__width-initial elementor-widget elementor-widget-text-editor\" data-id=\"7f607e6\" data-element_type=\"widget\" data-widget_type=\"text-editor.default\">\n\t\t\t\t<div class=\"elementor-widget-container\">\n\t\t\t\t\t\t\t<p>Com a nossa experi\u00eancia de 30 anos no mercado de distribui\u00e7\u00e3o de produtos qu\u00edmicos, a qualidade chega f\u00e1cil at\u00e9 voc\u00ea!<\/p>\t\t\t\t\t\t<\/div>\n\t\t\t\t<\/div>\n\t\t\t\t<div class=\"elementor-element elementor-element-180e818 elementor-widget__width-initial elementor-widget elementor-widget-heading\" data-id=\"180e818\" data-element_type=\"widget\" data-widget_type=\"heading.default\">\n\t\t\t\t<div class=\"elementor-widget-container\">\n\t\t\t<p class=\"elementor-heading-title elementor-size-default\">Conte com as solu\u00e7\u00f5es da empresa <span class=\"txt-red\"><strong>l\u00edder mundial em tratamentos de superf\u00edcies, adesivos e selantes<\/strong><\/span>.<\/p>\t\t<\/div>\n\t\t\t\t<\/div>\n\t\t\t\t<div class=\"elementor-element elementor-element-b3c760a elementor-widget__width-initial elementor-widget elementor-widget-text-editor\" data-id=\"b3c760a\" data-element_type=\"widget\" data-widget_type=\"text-editor.default\">\n\t\t\t\t<div class=\"elementor-widget-container\">\n\t\t\t\t\t\t\t<p>Entre em contato e encontre os produtos mais adequados para o seu projeto.<\/p>\t\t\t\t\t\t<\/div>\n\t\t\t\t<\/div>\n\t\t\t\t<div class=\"elementor-element elementor-element-865fd24 elementor-tablet-align-center bt-orcamento-h elementor-widget elementor-widget-button\" data-id=\"865fd24\" data-element_type=\"widget\" data-widget_type=\"button.default\">\n\t\t\t\t<div class=\"elementor-widget-container\">\n\t\t\t\t\t<div class=\"elementor-button-wrapper\">\n\t\t\t<a class=\"elementor-button elementor-button-link elementor-size-sm\" href=\"#elementor-action%3Aaction%3Dpopup%3Aopen%26settings%3DeyJpZCI6IjI1IiwidG9nZ2xlIjpmYWxzZX0%3D\">\n\t\t\t\t\t\t<span class=\"elementor-button-content-wrapper\">\n\t\t\t\t\t\t<span class=\"elementor-button-text\">Solicite um or\u00e7amento<\/span>\n\t\t<\/span>\n\t\t\t\t\t<\/a>\n\t\t<\/div>\n\t\t\t\t<\/div>\n\t\t\t\t<\/div>\n\t\t\t\t\t<\/div>\n\t\t\t\t<\/div>\n\t\t<div class=\"elementor-element elementor-element-535f1a5 e-flex e-con-boxed e-con e-parent\" data-id=\"535f1a5\" data-element_type=\"container\" data-settings=\"{&quot;background_background&quot;:&quot;classic&quot;,&quot;content_width&quot;:&quot;boxed&quot;}\" data-core-v316-plus=\"true\">\n\t\t\t\t\t<div class=\"e-con-inner\">\n\t\t\t\t<div class=\"elementor-element elementor-element-07d654a elementor-widget elementor-widget-spacer\" data-id=\"07d654a\" data-element_type=\"widget\" data-widget_type=\"spacer.default\">\n\t\t\t\t<div class=\"elementor-widget-container\">\n\t\t\t<style>\/*! elementor - v3.17.0 - 25-10-2023 *\/\n.elementor-column .elementor-spacer-inner{height:var(--spacer-size)}.e-con{--container-widget-width:100%}.e-con-inner>.elementor-widget-spacer,.e-con>.elementor-widget-spacer{width:var(--container-widget-width,var(--spacer-size));--align-self:var(--container-widget-align-self,initial);--flex-shrink:0}.e-con-inner>.elementor-widget-spacer>.elementor-widget-container,.e-con>.elementor-widget-spacer>.elementor-widget-container{height:100%;width:100%}.e-con-inner>.elementor-widget-spacer>.elementor-widget-container>.elementor-spacer,.e-con>.elementor-widget-spacer>.elementor-widget-container>.elementor-spacer{height:100%}.e-con-inner>.elementor-widget-spacer>.elementor-widget-container>.elementor-spacer>.elementor-spacer-inner,.e-con>.elementor-widget-spacer>.elementor-widget-container>.elementor-spacer>.elementor-spacer-inner{height:var(--container-widget-height,var(--spacer-size))}.e-con-inner>.elementor-widget-spacer.elementor-widget-empty,.e-con>.elementor-widget-spacer.elementor-widget-empty{position:relative;min-height:22px;min-width:22px}.e-con-inner>.elementor-widget-spacer.elementor-widget-empty .elementor-widget-empty-icon,.e-con>.elementor-widget-spacer.elementor-widget-empty .elementor-widget-empty-icon{position:absolute;top:0;bottom:0;left:0;right:0;margin:auto;padding:0;width:22px;height:22px}<\/style>\t\t<div class=\"elementor-spacer\">\n\t\t\t<div class=\"elementor-spacer-inner\"><\/div>\n\t\t<\/div>\n\t\t\t\t<\/div>\n\t\t\t\t<\/div>\n\t\t\t\t\t<\/div>\n\t\t\t\t<\/div>\n\t\t\t\t\t\t\t<\/div>\n\t\t","protected":false},"excerpt":{"rendered":"<p>A Garciqu\u00edmica garante com praticidade e agilidade os melhores produtos Henkel em seu neg\u00f3cio! A Henkel ocupa posi\u00e7\u00f5es de lideran\u00e7a e supre diferentes ind\u00fastrias com produtos e solu\u00e7\u00f5es qu\u00edmicas de sistemas avan\u00e7ados. Transforme os seus projetos com solu\u00e7\u00f5es de alto n\u00edvel! Aproveite o amplo portf\u00f3lio e tenha m\u00e1xima qualidade em seus procedimentos. Saiba mais Somos [&hellip;]<\/p>\n","protected":false},"author":1,"featured_media":0,"parent":0,"menu_order":0,"comment_status":"closed","ping_status":"closed","template":"elementor_canvas","meta":{"footnotes":""},"class_list":["post-7","page","type-page","status-publish","hentry"],"_links":{"self":[{"href":"https:\/\/www.garciquimica.com.br\/lp\/wp-json\/wp\/v2\/pages\/7","targetHints":{"allow":["GET"]}}],"collection":[{"href":"https:\/\/www.garciquimica.com.br\/lp\/wp-json\/wp\/v2\/pages"}],"about":[{"href":"https:\/\/www.garciquimica.com.br\/lp\/wp-json\/wp\/v2\/types\/page"}],"author":[{"embeddable":true,"href":"https:\/\/www.garciquimica.com.br\/lp\/wp-json\/wp\/v2\/users\/1"}],"replies":[{"embeddable":true,"href":"https:\/\/www.garciquimica.com.br\/lp\/wp-json\/wp\/v2\/comments?post=7"}],"version-history":[{"count":13,"href":"https:\/\/www.garciquimica.com.br\/lp\/wp-json\/wp\/v2\/pages\/7\/revisions"}],"predecessor-version":[{"id":160,"href":"https:\/\/www.garciquimica.com.br\/lp\/wp-json\/wp\/v2\/pages\/7\/revisions\/160"}],"wp:attachment":[{"href":"https:\/\/www.garciquimica.com.br\/lp\/wp-json\/wp\/v2\/media?parent=7"}],"curies":[{"name":"wp","href":"https:\/\/api.w.org\/{rel}","templated":true}]}}